{"id":3677,"date":"2018-01-17T17:11:10","date_gmt":"2018-01-17T17:11:10","guid":{"rendered":"https:\/\/samorka.is\/?page_id=3677"},"modified":"2018-01-17T17:16:25","modified_gmt":"2018-01-17T17:16:25","slug":"3677-2","status":"publish","type":"page","link":"https:\/\/samorka.is\/en\/3677-2\/","title":{"rendered":"Fors\u00ed\u00f0a &#8211; Ver\u00f0m\u00e6tin \u00ed vatninu"},"content":{"rendered":"\n\t\t\t<!-- START Fors\u00ed\u00f0a REVOLUTION SLIDER 6.2.23 --><p class=\"rs-p-wp-fix\"><\/p>\n\t\t\t<rs-module-wrap id=\"rev_slider_1_1_wrapper\" data-source=\"gallery\" style=\"background:transparent;padding:0;margin:0px auto;margin-top:0;margin-bottom:0;\">\n\t\t\t\t<rs-module id=\"rev_slider_1_1\" style=\"\" data-version=\"6.2.23\">\n\t\t\t\t\t<rs-slides>\n\t\t\t\t\t\t<rs-slide data-key=\"rs-1\" data-title=\"Slide\" data-thumb=\"\/\/www.samorka.is\/wp-content\/uploads\/2016\/06\/Samorka_MG_0102.jpg\" data-anim=\"ei:d;eo:d;s:600;r:0;t:fade;sl:d;\">\n\t\t\t\t\t\t\t<img decoding=\"async\" src=\"\/\/www.samorka.is\/wp-content\/uploads\/2016\/06\/Samorka_MG_0102.jpg\" title=\"Fors\u00ed\u00f0a &#8211; Ver\u00f0m\u00e6tin \u00ed vatninu\" class=\"rev-slidebg\" data-no-retina>\n<!--\n\t\t\t\t\t\t\t--><rs-layer\n\t\t\t\t\t\t\t\tid=\"slider-1-slide-1-layer-1\" \n\t\t\t\t\t\t\t\tclass=\"Fashion-SmallText\"\n\t\t\t\t\t\t\t\tdata-type=\"text\"\n\t\t\t\t\t\t\t\tdata-color=\"rgba(255,255,255,1)\"\n\t\t\t\t\t\t\t\tdata-rsp_ch=\"on\"\n\t\t\t\t\t\t\t\tdata-xy=\"xo:838px,838px,403px,66px;yo:269px,269px,442px,564px;\"\n\t\t\t\t\t\t\t\tdata-text=\"w:normal;l:28;fw:600;\"\n\t\t\t\t\t\t\t\tdata-dim=\"w:357px;h:142px;\"\n\t\t\t\t\t\t\t\tdata-frame_0=\"o:1;tp:600;\"\n\t\t\t\t\t\t\t\tdata-frame_1=\"tp:600;e:none;st:500;sp:1000;\"\n\t\t\t\t\t\t\t\tdata-frame_999=\"tp:600;e:nothing;st:w;\"\n\t\t\t\t\t\t\t\tstyle=\"z-index:5;font-family:brandon-grotesque;text-transform:uppercase;letter-spacing:2px;\"\n\t\t\t\t\t\t\t>KALT VATN ER \u00d3D\u00ddRT \u00c1 \u00cdSLANDI, \n\u00deA\u00d0 KOSTAR ALLT A\u00d0 \u00deRISVAR SINNUM\nMEIRA \u00c1 HINUM NOR\u00d0URL\u00d6NDUNUM. \n\t\t\t\t\t\t\t<\/rs-layer><!--\n-->\t\t\t\t\t\t<\/rs-slide>\n\t\t\t\t\t\t<rs-slide data-key=\"rs-2\" data-title=\"Slide\" data-thumb=\"\/\/www.samorka.is\/wp-content\/uploads\/2016\/06\/Samorka_MG_0037.jpg\" data-anim=\"ei:d;eo:d;s:600;r:0;t:fade;sl:d;\">\n\t\t\t\t\t\t\t<img decoding=\"async\" src=\"\/\/www.samorka.is\/wp-content\/uploads\/2016\/06\/Samorka_MG_0037.jpg\" title=\"Fors\u00ed\u00f0a &#8211; Ver\u00f0m\u00e6tin \u00ed vatninu\" class=\"rev-slidebg\" data-no-retina>\n<!--\n\t\t\t\t\t\t\t--><rs-layer\n\t\t\t\t\t\t\t\tid=\"slider-1-slide-2-layer-1\" \n\t\t\t\t\t\t\t\tdata-type=\"text\"\n\t\t\t\t\t\t\t\tdata-color=\"rgba(255,255,255,1)\"\n\t\t\t\t\t\t\t\tdata-rsp_ch=\"on\"\n\t\t\t\t\t\t\t\tdata-xy=\"xo:765px,765px,367px,129px;yo:40px,40px,74px,51px;\"\n\t\t\t\t\t\t\t\tdata-text=\"w:normal;l:30;fw:500;\"\n\t\t\t\t\t\t\t\tdata-dim=\"w:337px;h:150px;\"\n\t\t\t\t\t\t\t\tdata-frame_0=\"tp:600;\"\n\t\t\t\t\t\t\t\tdata-frame_1=\"tp:600;e:power2.inOut;st:500;\"\n\t\t\t\t\t\t\t\tdata-frame_999=\"o:0;tp:600;e:nothing;st:w;\"\n\t\t\t\t\t\t\t\tstyle=\"z-index:5;font-family:brandon-grotesque;\"\n\t\t\t\t\t\t\t>LANGAR, HEITAR STURTUR. HEITT BA\u00d0 \u00c1\nK\u00d6LDU VETRARKV\u00d6LDI. SUNDLAUGARNAR\nOKKAR. \u00d3D\u00ddR OG SJ\u00c1LFSAG\u00d0UR L\u00daXUS \u00c1 \u00cdSLANDI. \n\t\t\t\t\t\t\t<\/rs-layer><!--\n-->\t\t\t\t\t\t<\/rs-slide>\n\t\t\t\t\t\t<rs-slide data-key=\"rs-7\" data-title=\"Slide\" data-thumb=\"\/\/www.samorka.is\/wp-content\/uploads\/2016\/06\/Samorka_MG_0290.jpg\" data-anim=\"ei:d;eo:d;s:600;r:0;t:fade;sl:d;\">\n\t\t\t\t\t\t\t<img decoding=\"async\" src=\"\/\/www.samorka.is\/wp-content\/uploads\/2016\/06\/Samorka_MG_0290.jpg\" title=\"Fors\u00ed\u00f0a &#8211; Ver\u00f0m\u00e6tin \u00ed vatninu\" class=\"rev-slidebg\" data-no-retina>\n<!--\n\t\t\t\t\t\t\t--><rs-layer\n\t\t\t\t\t\t\t\tid=\"slider-1-slide-7-layer-1\" \n\t\t\t\t\t\t\t\tclass=\"Brandon-uppercase\"\n\t\t\t\t\t\t\t\tdata-type=\"text\"\n\t\t\t\t\t\t\t\tdata-color=\"rgba(255,255,255,1)\"\n\t\t\t\t\t\t\t\tdata-rsp_ch=\"on\"\n\t\t\t\t\t\t\t\tdata-xy=\"xo:53px,53px,38px,56px;yo:391px,391px,644px,500px;\"\n\t\t\t\t\t\t\t\tdata-text=\"w:normal;l:30;fw:700;\"\n\t\t\t\t\t\t\t\tdata-dim=\"w:398px;\"\n\t\t\t\t\t\t\t\tdata-frame_0=\"tp:600;\"\n\t\t\t\t\t\t\t\tdata-frame_1=\"tp:600;e:power2.inOut;st:500;\"\n\t\t\t\t\t\t\t\tdata-frame_999=\"o:0;tp:600;e:nothing;st:w;\"\n\t\t\t\t\t\t\t\tstyle=\"z-index:5;font-family:brandon-grotesque;text-transform:uppercase;\"\n\t\t\t\t\t\t\t>H\u00fasi\u00f0 \u00feitt er hita\u00f0 me\u00f0 endurn\u00fdjanlegum orkugj\u00f6fum. Enginn \u00fatbl\u00e1stur, engin mengun. Bara hl\u00fdtt og notalegt h\u00fas. \n\t\t\t\t\t\t\t<\/rs-layer><!--\n-->\t\t\t\t\t\t<\/rs-slide>\n\t\t\t\t\t\t<rs-slide data-key=\"rs-8\" data-title=\"Slide\" data-thumb=\"\/\/www.samorka.is\/wp-content\/uploads\/2016\/06\/Samorka_MG_9999.jpg\" data-anim=\"ei:d;eo:d;s:600;r:0;t:fade;sl:d;\">\n\t\t\t\t\t\t\t<img decoding=\"async\" src=\"\/\/www.samorka.is\/wp-content\/uploads\/2016\/06\/Samorka_MG_9999.jpg\" title=\"Fors\u00ed\u00f0a &#8211; Ver\u00f0m\u00e6tin \u00ed vatninu\" class=\"rev-slidebg\" data-no-retina>\n<!--\n\t\t\t\t\t\t\t--><rs-layer\n\t\t\t\t\t\t\t\tid=\"slider-1-slide-8-layer-1\" \n\t\t\t\t\t\t\t\tclass=\"Brandon-uppercase\"\n\t\t\t\t\t\t\t\tdata-type=\"text\"\n\t\t\t\t\t\t\t\tdata-color=\"rgba(61,61,61,1)\"\n\t\t\t\t\t\t\t\tdata-rsp_ch=\"on\"\n\t\t\t\t\t\t\t\tdata-xy=\"xo:119px,119px,66px,43px;yo:367px,367px,485px,486px;\"\n\t\t\t\t\t\t\t\tdata-text=\"w:normal;s:22;l:30;fw:700;\"\n\t\t\t\t\t\t\t\tdata-dim=\"w:416px;\"\n\t\t\t\t\t\t\t\tdata-frame_0=\"tp:600;\"\n\t\t\t\t\t\t\t\tdata-frame_1=\"tp:600;e:power2.inOut;st:500;\"\n\t\t\t\t\t\t\t\tdata-frame_999=\"o:0;tp:600;e:nothing;st:w;\"\n\t\t\t\t\t\t\t\tstyle=\"z-index:5;font-family:brandon-grotesque;text-transform:uppercase;\"\n\t\t\t\t\t\t\t>\u00c1 \u00cdslandi er \u00f3d\u00fdrt a\u00f0 hla\u00f0a \u00f6ll \u00feau raft\u00e6ki sem \u00fe\u00fa \u00fearft \u00ed daglegu l\u00edfi.\n \n\t\t\t\t\t\t\t<\/rs-layer><!--\n-->\t\t\t\t\t\t<\/rs-slide>\n\t\t\t\t\t\t<rs-slide data-key=\"rs-9\" data-title=\"Slide\" data-thumb=\"\/\/www.samorka.is\/wp-content\/uploads\/2016\/06\/krani_minni.jpg\" data-anim=\"ei:d;eo:d;s:600;r:0;t:fade;sl:d;\">\n\t\t\t\t\t\t\t<img decoding=\"async\" src=\"\/\/www.samorka.is\/wp-content\/uploads\/2016\/06\/krani_minni.jpg\" title=\"Fors\u00ed\u00f0a &#8211; Ver\u00f0m\u00e6tin \u00ed vatninu\" class=\"rev-slidebg\" data-no-retina>\n<!--\n\t\t\t\t\t\t\t--><rs-layer\n\t\t\t\t\t\t\t\tid=\"slider-1-slide-9-layer-1\" \n\t\t\t\t\t\t\t\tclass=\"Brandon-uppercase\"\n\t\t\t\t\t\t\t\tdata-type=\"text\"\n\t\t\t\t\t\t\t\tdata-color=\"rgba(58,58,58,1)\"\n\t\t\t\t\t\t\t\tdata-rsp_ch=\"on\"\n\t\t\t\t\t\t\t\tdata-xy=\"xo:78px,78px,67px,34px;yo:365px,365px,496px,577px;\"\n\t\t\t\t\t\t\t\tdata-text=\"w:normal;l:30;fw:700;\"\n\t\t\t\t\t\t\t\tdata-dim=\"w:426px;h:84px;\"\n\t\t\t\t\t\t\t\tdata-frame_0=\"tp:600;\"\n\t\t\t\t\t\t\t\tdata-frame_1=\"tp:600;e:power2.inOut;st:500;\"\n\t\t\t\t\t\t\t\tdata-frame_999=\"o:0;tp:600;e:nothing;st:w;\"\n\t\t\t\t\t\t\t\tstyle=\"z-index:5;font-family:brandon-grotesque;text-transform:uppercase;\"\n\t\t\t\t\t\t\t>Mestallt neysluvatn \u00e1 \u00cdslandi er \u00f3me\u00f0h\u00f6ndla\u00f0 grunnvatn \u2013 engu b\u00e6tt vi\u00f0 e\u00f0a hreinsa\u00f0 \u00far. \n\t\t\t\t\t\t\t<\/rs-layer><!--\n-->\t\t\t\t\t\t<\/rs-slide>\n\t\t\t\t\t\t<rs-slide data-key=\"rs-10\" data-title=\"Slide\" data-thumb=\"\/\/www.samorka.is\/wp-content\/uploads\/2016\/06\/Samorka_MG_7989.jpg\" data-anim=\"ei:d;eo:d;s:600;r:0;t:fade;sl:d;\">\n\t\t\t\t\t\t\t<img decoding=\"async\" src=\"\/\/www.samorka.is\/wp-content\/uploads\/2016\/06\/Samorka_MG_7989.jpg\" title=\"Fors\u00ed\u00f0a &#8211; Ver\u00f0m\u00e6tin \u00ed vatninu\" class=\"rev-slidebg\" data-no-retina>\n<!--\n\t\t\t\t\t\t\t--><rs-layer\n\t\t\t\t\t\t\t\tid=\"slider-1-slide-10-layer-1\" \n\t\t\t\t\t\t\t\tclass=\"Brandon-uppercase\"\n\t\t\t\t\t\t\t\tdata-type=\"text\"\n\t\t\t\t\t\t\t\tdata-color=\"rgba(255,255,255,1)\"\n\t\t\t\t\t\t\t\tdata-rsp_ch=\"on\"\n\t\t\t\t\t\t\t\tdata-xy=\"xo:724px,724px,358px,98px;yo:76px,76px,81px,43px;\"\n\t\t\t\t\t\t\t\tdata-text=\"w:normal;l:30;fw:700;\"\n\t\t\t\t\t\t\t\tdata-dim=\"w:366px;\"\n\t\t\t\t\t\t\t\tdata-frame_0=\"tp:600;\"\n\t\t\t\t\t\t\t\tdata-frame_1=\"tp:600;e:power2.inOut;st:500;\"\n\t\t\t\t\t\t\t\tdata-frame_999=\"o:0;tp:600;e:nothing;st:w;\"\n\t\t\t\t\t\t\t\tstyle=\"z-index:5;font-family:brandon-grotesque;text-transform:uppercase;\"\n\t\t\t\t\t\t\t>99,99% raforku \u00e1 \u00cdslandi er framleidd me\u00f0 endurn\u00fdjanlegum h\u00e6tti, me\u00f0 vatnsafli og jar\u00f0varma. \n\t\t\t\t\t\t\t<\/rs-layer><!--\n-->\t\t\t\t\t\t<\/rs-slide>\n\t\t\t\t\t\t<rs-slide data-key=\"rs-48\" data-title=\"Slide\" data-thumb=\"\/\/www.samorka.is\/wp-content\/uploads\/2020\/03\/kolefnishlutleysi.jpg\" data-duration=\"5000\" data-anim=\"ei:d;eo:d;s:600;r:0;t:fade;sl:d;\">\n\t\t\t\t\t\t\t<img decoding=\"async\" src=\"\/\/www.samorka.is\/wp-content\/uploads\/2020\/03\/kolefnishlutleysi.jpg\" title=\"Fors\u00ed\u00f0a &#8211; Ver\u00f0m\u00e6tin \u00ed vatninu\" data-bg=\"p:center top;\" class=\"rev-slidebg\" data-no-retina>\n<!--\n\t\t\t\t\t\t\t--><rs-layer\n\t\t\t\t\t\t\t\tid=\"slider-1-slide-48-layer-2\" \n\t\t\t\t\t\t\t\tclass=\"tp-shape tp-shapewrapper\"\n\t\t\t\t\t\t\t\tdata-type=\"shape\"\n\t\t\t\t\t\t\t\tdata-rsp_ch=\"on\"\n\t\t\t\t\t\t\t\tdata-xy=\"xo:140px,140px,140px,33px;yo:301px,301px,301px,419px;\"\n\t\t\t\t\t\t\t\tdata-text=\"fw:500;a:inherit;\"\n\t\t\t\t\t\t\t\tdata-dim=\"w:571px,571px,571px,428px;h:167px,167px,167px,188;\"\n\t\t\t\t\t\t\t\tdata-border=\"bor:5px,5px,5px,5px;\"\n\t\t\t\t\t\t\t\tdata-frame_0=\"tp:600;\"\n\t\t\t\t\t\t\t\tdata-frame_1=\"tp:600;sR:10;\"\n\t\t\t\t\t\t\t\tdata-frame_999=\"o:0;tp:600;st:w;sR:8690;\"\n\t\t\t\t\t\t\t\tstyle=\"z-index:5;background-color:rgba(0,0,0,0.28);\"\n\t\t\t\t\t\t\t> \n\t\t\t\t\t\t\t<\/rs-layer><!--\n\n\t\t\t\t\t\t\t--><rs-layer\n\t\t\t\t\t\t\t\tid=\"slider-1-slide-48-layer-1\" \n\t\t\t\t\t\t\t\tdata-type=\"text\"\n\t\t\t\t\t\t\t\tdata-rsp_ch=\"on\"\n\t\t\t\t\t\t\t\tdata-xy=\"xo:158px,158px,158px,55px;yo:317px,317px,317px,431px;\"\n\t\t\t\t\t\t\t\tdata-text=\"w:normal;s:32,32,32,22;l:42;fw:600;a:inherit;\"\n\t\t\t\t\t\t\t\tdata-dim=\"w:532px,532px,532px,382px;h:auto,auto,auto,127px;\"\n\t\t\t\t\t\t\t\tdata-frame_0=\"tp:600;\"\n\t\t\t\t\t\t\t\tdata-frame_1=\"tp:600;sR:10;\"\n\t\t\t\t\t\t\t\tdata-frame_999=\"o:0;tp:600;st:w;sR:8690;\"\n\t\t\t\t\t\t\t\tstyle=\"z-index:6;font-family:brandon-grotesque;\"\n\t\t\t\t\t\t\t>KOLEFNISHLUTLAUS ORKU- OG VEITUSTARFSEMI FYRIR 2040 \n\t\t\t\t\t\t\t<\/rs-layer><!--\n\n\t\t\t\t\t\t\t--><a\n\t\t\t\t\t\t\t\tid=\"slider-1-slide-48-layer-3\" \n\t\t\t\t\t\t\t\tclass=\"rs-layer rev-btn\"\n\t\t\t\t\t\t\t\thref=\"https:\/\/www.samorka.is\/kolefnishlutlaus-orku-og-veitustarfsemi-fyrir-arid-2040\/\" target=\"_self\"\n\t\t\t\t\t\t\t\tdata-type=\"button\"\n\t\t\t\t\t\t\t\tdata-color=\"rgba(255,255,255,1)\"\n\t\t\t\t\t\t\t\tdata-xy=\"xo:162px,162px,162px,58px;yo:412px,412px,412px,536px;\"\n\t\t\t\t\t\t\t\tdata-text=\"s:12;l:17;ls:2px;a:inherit;\"\n\t\t\t\t\t\t\t\tdata-rsp_bd=\"off\"\n\t\t\t\t\t\t\t\tdata-padding=\"t:12;r:35;b:12;l:35;\"\n\t\t\t\t\t\t\t\tdata-border=\"bor:30px,30px,30px,30px;\"\n\t\t\t\t\t\t\t\tdata-frame_0=\"tp:600;\"\n\t\t\t\t\t\t\t\tdata-frame_1=\"tp:600;sR:10;\"\n\t\t\t\t\t\t\t\tdata-frame_999=\"o:0;tp:600;st:w;sR:8690;\"\n\t\t\t\t\t\t\t\tdata-frame_hover=\"c:#000;bgc:#fff;boc:#000;bor:30px,30px,30px,30px;bos:solid;oX:50;oY:50;sp:0;e:none;\"\n\t\t\t\t\t\t\t\tstyle=\"z-index:7;background-color:rgba(0,0,0,0.75);font-family:brandon-grotesque;cursor:pointer;outline:none;box-shadow:none;box-sizing:border-box;-moz-box-sizing:border-box;-webkit-box-sizing:border-box;\"\n\t\t\t\t\t\t\t>LESA MEIRA \n\t\t\t\t\t\t\t<\/a><!--\n-->\t\t\t\t\t\t<\/rs-slide>\n\t\t\t\t\t\t<rs-slide data-key=\"rs-49\" data-title=\"Slide\" data-thumb=\"\/\/www.samorka.is\/wp-content\/uploads\/2020\/03\/kolefnishlutleysi.jpg\" data-duration=\"5000\" data-anim=\"ei:d;eo:d;s:600;r:0;t:fade;sl:d;\">\n\t\t\t\t\t\t\t<img decoding=\"async\" src=\"\/\/www.samorka.is\/wp-content\/uploads\/2020\/03\/kolefnishlutleysi.jpg\" title=\"Fors\u00ed\u00f0a &#8211; Ver\u00f0m\u00e6tin \u00ed vatninu\" data-bg=\"p:center top;\" class=\"rev-slidebg\" data-no-retina>\n<!--\n\t\t\t\t\t\t\t--><rs-layer\n\t\t\t\t\t\t\t\tid=\"slider-1-slide-49-layer-2\" \n\t\t\t\t\t\t\t\tclass=\"tp-shape tp-shapewrapper\"\n\t\t\t\t\t\t\t\tdata-type=\"shape\"\n\t\t\t\t\t\t\t\tdata-rsp_ch=\"on\"\n\t\t\t\t\t\t\t\tdata-xy=\"xo:140px,140px,140px,33px;yo:301px,301px,301px,419px;\"\n\t\t\t\t\t\t\t\tdata-text=\"fw:500;a:inherit;\"\n\t\t\t\t\t\t\t\tdata-dim=\"w:571px,571px,571px,428px;h:167px,167px,167px,188;\"\n\t\t\t\t\t\t\t\tdata-border=\"bor:5px,5px,5px,5px;\"\n\t\t\t\t\t\t\t\tdata-frame_0=\"tp:600;\"\n\t\t\t\t\t\t\t\tdata-frame_1=\"tp:600;sR:10;\"\n\t\t\t\t\t\t\t\tdata-frame_999=\"o:0;tp:600;st:w;sR:8690;\"\n\t\t\t\t\t\t\t\tstyle=\"z-index:5;background-color:rgba(0,0,0,0.28);\"\n\t\t\t\t\t\t\t> \n\t\t\t\t\t\t\t<\/rs-layer><!--\n\n\t\t\t\t\t\t\t--><rs-layer\n\t\t\t\t\t\t\t\tid=\"slider-1-slide-49-layer-1\" \n\t\t\t\t\t\t\t\tdata-type=\"text\"\n\t\t\t\t\t\t\t\tdata-rsp_ch=\"on\"\n\t\t\t\t\t\t\t\tdata-xy=\"xo:158px,158px,158px,55px;yo:317px,317px,317px,431px;\"\n\t\t\t\t\t\t\t\tdata-text=\"w:normal;s:32,32,32,22;l:42;fw:600;a:inherit;\"\n\t\t\t\t\t\t\t\tdata-dim=\"w:532px,532px,532px,382px;h:auto,auto,auto,127px;\"\n\t\t\t\t\t\t\t\tdata-frame_0=\"tp:600;\"\n\t\t\t\t\t\t\t\tdata-frame_1=\"tp:600;sR:10;\"\n\t\t\t\t\t\t\t\tdata-frame_999=\"o:0;tp:600;st:w;sR:8690;\"\n\t\t\t\t\t\t\t\tstyle=\"z-index:6;font-family:brandon-grotesque;\"\n\t\t\t\t\t\t\t>KOLEFNISHLUTLAUS ORKU- OG VEITUSTARFSEMI FYRIR 2040 \n\t\t\t\t\t\t\t<\/rs-layer><!--\n\n\t\t\t\t\t\t\t--><a\n\t\t\t\t\t\t\t\tid=\"slider-1-slide-49-layer-3\" \n\t\t\t\t\t\t\t\tclass=\"rs-layer rev-btn\"\n\t\t\t\t\t\t\t\thref=\"https:\/\/www.samorka.is\/kolefnishlutlaus-orku-og-veitustarfsemi-fyrir-arid-2040\/\" target=\"_self\"\n\t\t\t\t\t\t\t\tdata-type=\"button\"\n\t\t\t\t\t\t\t\tdata-color=\"rgba(255,255,255,1)\"\n\t\t\t\t\t\t\t\tdata-xy=\"xo:162px,162px,162px,58px;yo:412px,412px,412px,536px;\"\n\t\t\t\t\t\t\t\tdata-text=\"s:12;l:17;ls:2px;a:inherit;\"\n\t\t\t\t\t\t\t\tdata-rsp_bd=\"off\"\n\t\t\t\t\t\t\t\tdata-padding=\"t:12;r:35;b:12;l:35;\"\n\t\t\t\t\t\t\t\tdata-border=\"bor:30px,30px,30px,30px;\"\n\t\t\t\t\t\t\t\tdata-frame_0=\"tp:600;\"\n\t\t\t\t\t\t\t\tdata-frame_1=\"tp:600;sR:10;\"\n\t\t\t\t\t\t\t\tdata-frame_999=\"o:0;tp:600;st:w;sR:8690;\"\n\t\t\t\t\t\t\t\tdata-frame_hover=\"c:#000;bgc:#fff;boc:#000;bor:30px,30px,30px,30px;bos:solid;oX:50;oY:50;sp:0;e:none;\"\n\t\t\t\t\t\t\t\tstyle=\"z-index:7;background-color:rgba(0,0,0,0.75);font-family:brandon-grotesque;cursor:pointer;outline:none;box-shadow:none;box-sizing:border-box;-moz-box-sizing:border-box;-webkit-box-sizing:border-box;\"\n\t\t\t\t\t\t\t>LESA MEIRA \n\t\t\t\t\t\t\t<\/a><!--\n-->\t\t\t\t\t\t<\/rs-slide>\n\t\t\t\t\t<\/rs-slides>\n\t\t\t\t<\/rs-module>\n\t\t\t\t<script>\n\t\t\t\t\tvar htmlDivCss = unescape(\"%0A%0A%0A%0A%0A%0A%0A%0A%0A%0A%0A%0A%0A%0A%0A%0A\");\n\t\t\t\t\tvar htmlDiv = document.getElementById('rs-plugin-settings-inline-css');\n\t\t\t\t\tif(htmlDiv) {\n\t\t\t\t\t\thtmlDiv.innerHTML = htmlDiv.innerHTML + htmlDivCss;\n\t\t\t\t\t}else{\n\t\t\t\t\t\tvar htmlDiv = document.createElement('div');\n\t\t\t\t\t\thtmlDiv.innerHTML = '<style>' + htmlDivCss + '<\/style>';\n\t\t\t\t\t\tdocument.getElementsByTagName('head')[0].appendChild(htmlDiv.childNodes[0]);\n\t\t\t\t\t}\n\t\t\t\t<\/script>\n\t\t\t<\/rs-module-wrap>\n\t\t\t<!-- END REVOLUTION SLIDER -->\n\n","protected":false},"excerpt":{"rendered":"KALT VATN ER \u00d3D\u00ddRT \u00c1 \u00cdSLANDI, \u00deA\u00d0 KOSTAR ALLT A\u00d0 \u00deRISVAR SINNUM MEIRA \u00c1 HINUM NOR\u00d0URL\u00d6NDUNUM. LANGAR, HEITAR STURTUR. HEITT BA\u00d0 \u00c1 K\u00d6LDU VETRARKV\u00d6LDI. SUNDLAUGARNAR OKKAR. \u00d3D\u00ddR OG SJ\u00c1LFSAG\u00d0UR L\u00daXUS \u00c1 \u00cdSLANDI. H\u00fasi\u00f0 \u00feitt er hita\u00f0 me\u00f0 endurn\u00fdjanlegum orkugj\u00f6fum. Enginn \u00fatbl\u00e1stur, engin mengun. Bara hl\u00fdtt og notalegt h\u00fas. \u00c1 \u00cdslandi er \u00f3d\u00fdrt a\u00f0 hla\u00f0a \u00f6ll [...]","protected":false},"author":1,"featured_media":0,"parent":0,"menu_order":0,"comment_status":"closed","ping_status":"closed","template":"template-frontpage-dagurrafmagnsins.php","meta":{"_monsterinsights_skip_tracking":false,"_monsterinsights_sitenote_active":false,"_monsterinsights_sitenote_note":"","_monsterinsights_sitenote_category":0,"footnotes":""},"categories":[],"tags":[],"class_list":["post-3677","page","type-page","status-publish","hentry"],"yoast_head":"<!-- This site is optimized with the Yoast SEO plugin v27.4 - https:\/\/yoast.com\/product\/yoast-seo-wordpress\/ -->\n<title>Fors\u00ed\u00f0a - Ver\u00f0m\u00e6tin \u00ed vatninu - Samorka<\/title>\n<meta name=\"robots\" content=\"index, follow, max-snippet:-1, max-image-preview:large, max-video-preview:-1\" \/>\n<link rel=\"canonical\" href=\"https:\/\/samorka.is\/en\/3677-2\/\" \/>\n<meta property=\"og:locale\" content=\"en_US\" \/>\n<meta property=\"og:type\" content=\"article\" \/>\n<meta property=\"og:title\" content=\"Fors\u00ed\u00f0a - Ver\u00f0m\u00e6tin \u00ed vatninu - Samorka\" \/>\n<meta property=\"og:url\" content=\"https:\/\/samorka.is\/en\/3677-2\/\" \/>\n<meta property=\"og:site_name\" content=\"Samorka\" \/>\n<meta property=\"article:modified_time\" content=\"2018-01-17T17:16:25+00:00\" \/>\n<meta name=\"twitter:card\" content=\"summary_large_image\" \/>\n<script type=\"application\/ld+json\" class=\"yoast-schema-graph\">{\"@context\":\"https:\\\/\\\/schema.org\",\"@graph\":[{\"@type\":\"WebPage\",\"@id\":\"https:\\\/\\\/samorka.is\\\/en\\\/3677-2\\\/\",\"url\":\"https:\\\/\\\/samorka.is\\\/en\\\/3677-2\\\/\",\"name\":\"Fors\u00ed\u00f0a - Ver\u00f0m\u00e6tin \u00ed vatninu - Samorka\",\"isPartOf\":{\"@id\":\"https:\\\/\\\/samorka.is\\\/#website\"},\"datePublished\":\"2018-01-17T17:11:10+00:00\",\"dateModified\":\"2018-01-17T17:16:25+00:00\",\"breadcrumb\":{\"@id\":\"https:\\\/\\\/samorka.is\\\/en\\\/3677-2\\\/#breadcrumb\"},\"inLanguage\":\"en-US\",\"potentialAction\":[{\"@type\":\"ReadAction\",\"target\":[\"https:\\\/\\\/samorka.is\\\/en\\\/3677-2\\\/\"]}]},{\"@type\":\"BreadcrumbList\",\"@id\":\"https:\\\/\\\/samorka.is\\\/en\\\/3677-2\\\/#breadcrumb\",\"itemListElement\":[{\"@type\":\"ListItem\",\"position\":1,\"name\":\"Home\",\"item\":\"https:\\\/\\\/samorka.is\\\/en\\\/frontpage\\\/\"},{\"@type\":\"ListItem\",\"position\":2,\"name\":\"Fors\u00ed\u00f0a &#8211; Ver\u00f0m\u00e6tin \u00ed vatninu\"}]},{\"@type\":\"WebSite\",\"@id\":\"https:\\\/\\\/samorka.is\\\/#website\",\"url\":\"https:\\\/\\\/samorka.is\\\/\",\"name\":\"Samorka\",\"description\":\"Samt\u00f6k orku- og veitufyrirt\u00e6kja \u00e1 \u00cdslandi.\",\"publisher\":{\"@id\":\"https:\\\/\\\/samorka.is\\\/#organization\"},\"potentialAction\":[{\"@type\":\"SearchAction\",\"target\":{\"@type\":\"EntryPoint\",\"urlTemplate\":\"https:\\\/\\\/samorka.is\\\/?s={search_term_string}\"},\"query-input\":{\"@type\":\"PropertyValueSpecification\",\"valueRequired\":true,\"valueName\":\"search_term_string\"}}],\"inLanguage\":\"en-US\"},{\"@type\":\"Organization\",\"@id\":\"https:\\\/\\\/samorka.is\\\/#organization\",\"name\":\"Samorka\",\"url\":\"https:\\\/\\\/samorka.is\\\/\",\"logo\":{\"@type\":\"ImageObject\",\"inLanguage\":\"en-US\",\"@id\":\"https:\\\/\\\/samorka.is\\\/#\\\/schema\\\/logo\\\/image\\\/\",\"url\":\"https:\\\/\\\/www.samorka.is\\\/wp-content\\\/uploads\\\/2016\\\/10\\\/Samorka-an-slogans.png\",\"contentUrl\":\"https:\\\/\\\/www.samorka.is\\\/wp-content\\\/uploads\\\/2016\\\/10\\\/Samorka-an-slogans.png\",\"width\":842,\"height\":596,\"caption\":\"Samorka\"},\"image\":{\"@id\":\"https:\\\/\\\/samorka.is\\\/#\\\/schema\\\/logo\\\/image\\\/\"}}]}<\/script>\n<!-- \/ Yoast SEO plugin. -->","yoast_head_json":{"title":"Fors\u00ed\u00f0a - Ver\u00f0m\u00e6tin \u00ed vatninu - Samorka","robots":{"index":"index","follow":"follow","max-snippet":"max-snippet:-1","max-image-preview":"max-image-preview:large","max-video-preview":"max-video-preview:-1"},"canonical":"https:\/\/samorka.is\/en\/3677-2\/","og_locale":"en_US","og_type":"article","og_title":"Fors\u00ed\u00f0a - Ver\u00f0m\u00e6tin \u00ed vatninu - Samorka","og_url":"https:\/\/samorka.is\/en\/3677-2\/","og_site_name":"Samorka","article_modified_time":"2018-01-17T17:16:25+00:00","twitter_card":"summary_large_image","schema":{"@context":"https:\/\/schema.org","@graph":[{"@type":"WebPage","@id":"https:\/\/samorka.is\/en\/3677-2\/","url":"https:\/\/samorka.is\/en\/3677-2\/","name":"Fors\u00ed\u00f0a - Ver\u00f0m\u00e6tin \u00ed vatninu - Samorka","isPartOf":{"@id":"https:\/\/samorka.is\/#website"},"datePublished":"2018-01-17T17:11:10+00:00","dateModified":"2018-01-17T17:16:25+00:00","breadcrumb":{"@id":"https:\/\/samorka.is\/en\/3677-2\/#breadcrumb"},"inLanguage":"en-US","potentialAction":[{"@type":"ReadAction","target":["https:\/\/samorka.is\/en\/3677-2\/"]}]},{"@type":"BreadcrumbList","@id":"https:\/\/samorka.is\/en\/3677-2\/#breadcrumb","itemListElement":[{"@type":"ListItem","position":1,"name":"Home","item":"https:\/\/samorka.is\/en\/frontpage\/"},{"@type":"ListItem","position":2,"name":"Fors\u00ed\u00f0a &#8211; Ver\u00f0m\u00e6tin \u00ed vatninu"}]},{"@type":"WebSite","@id":"https:\/\/samorka.is\/#website","url":"https:\/\/samorka.is\/","name":"Samorka","description":"Samt\u00f6k orku- og veitufyrirt\u00e6kja \u00e1 \u00cdslandi.","publisher":{"@id":"https:\/\/samorka.is\/#organization"},"potentialAction":[{"@type":"SearchAction","target":{"@type":"EntryPoint","urlTemplate":"https:\/\/samorka.is\/?s={search_term_string}"},"query-input":{"@type":"PropertyValueSpecification","valueRequired":true,"valueName":"search_term_string"}}],"inLanguage":"en-US"},{"@type":"Organization","@id":"https:\/\/samorka.is\/#organization","name":"Samorka","url":"https:\/\/samorka.is\/","logo":{"@type":"ImageObject","inLanguage":"en-US","@id":"https:\/\/samorka.is\/#\/schema\/logo\/image\/","url":"https:\/\/www.samorka.is\/wp-content\/uploads\/2016\/10\/Samorka-an-slogans.png","contentUrl":"https:\/\/www.samorka.is\/wp-content\/uploads\/2016\/10\/Samorka-an-slogans.png","width":842,"height":596,"caption":"Samorka"},"image":{"@id":"https:\/\/samorka.is\/#\/schema\/logo\/image\/"}}]}},"_links":{"self":[{"href":"https:\/\/samorka.is\/en\/wp-json\/wp\/v2\/pages\/3677","targetHints":{"allow":["GET"]}}],"collection":[{"href":"https:\/\/samorka.is\/en\/wp-json\/wp\/v2\/pages"}],"about":[{"href":"https:\/\/samorka.is\/en\/wp-json\/wp\/v2\/types\/page"}],"author":[{"embeddable":true,"href":"https:\/\/samorka.is\/en\/wp-json\/wp\/v2\/users\/1"}],"replies":[{"embeddable":true,"href":"https:\/\/samorka.is\/en\/wp-json\/wp\/v2\/comments?post=3677"}],"version-history":[{"count":3,"href":"https:\/\/samorka.is\/en\/wp-json\/wp\/v2\/pages\/3677\/revisions"}],"predecessor-version":[{"id":3680,"href":"https:\/\/samorka.is\/en\/wp-json\/wp\/v2\/pages\/3677\/revisions\/3680"}],"wp:attachment":[{"href":"https:\/\/samorka.is\/en\/wp-json\/wp\/v2\/media?parent=3677"}],"wp:term":[{"taxonomy":"category","embeddable":true,"href":"https:\/\/samorka.is\/en\/wp-json\/wp\/v2\/categories?post=3677"},{"taxonomy":"post_tag","embeddable":true,"href":"https:\/\/samorka.is\/en\/wp-json\/wp\/v2\/tags?post=3677"}],"curies":[{"name":"wp","href":"https:\/\/api.w.org\/{rel}","templated":true}]}}