{"id":1324,"date":"2016-08-11T15:28:13","date_gmt":"2016-08-11T15:28:13","guid":{"rendered":"http:\/\/samorka.is\/en\/?page_id=1324"},"modified":"2016-08-16T10:52:16","modified_gmt":"2016-08-16T10:52:16","slug":"district-heating","status":"publish","type":"page","link":"https:\/\/samorka.is\/en\/district-heating\/","title":{"rendered":"District Heating"},"content":{"rendered":"<div class=\"wpb-content-wrapper\"><p>[vc_row][vc_column width=&#8221;1\/2&#8243;][vc_column_text]90% of the housing in Iceland is heated with direct geothermal. 9% is heated with electricity and just under 1% with oil \u2013 mostly in the most rural areas and small island communities. 29 district heating utilities are members of Samorka. Each district heating utilitiy services an area ranging from one municipality to several adjoining municipalities.[\/vc_column_text][\/vc_column][vc_column width=&#8221;1\/2&#8243;][vc_column_text]Most district heatings sell water according to measured use. However, three sell previously determined quantities and two according to measured energy use. Almost all district heating utilities are in public ownership, with HS Veitur (a minority share) the main exception.[\/vc_column_text][\/vc_column][\/vc_row]<\/p>\n<\/div>","protected":false},"excerpt":{"rendered":"<p>[vc_row][vc_column width=&#8221;1\/2&#8243;][vc_column_text]90% of the housing in Iceland is heated with direct geothermal. 9% is heated with electricity and just under 1% with oil \u2013 mostly in the most rural areas and small island communities. 29 district heating utilities are members of Samorka. Each district heating utilitiy services an area ranging from one municipality to several [&hellip;]<\/p>\n","protected":false},"author":2,"featured_media":0,"parent":0,"menu_order":0,"comment_status":"closed","ping_status":"closed","template":"template-with-video.php","meta":{"_monsterinsights_skip_tracking":false,"_monsterinsights_sitenote_active":false,"_monsterinsights_sitenote_note":"","_monsterinsights_sitenote_category":0,"footnotes":""},"categories":[],"tags":[],"class_list":["post-1324","page","type-page","status-publish","hentry"],"yoast_head":"<!-- This site is optimized with the Yoast SEO plugin v27.4 - https:\/\/yoast.com\/product\/yoast-seo-wordpress\/ -->\n<title>District Heating - Samorka<\/title>\n<meta name=\"robots\" content=\"index, follow, max-snippet:-1, max-image-preview:large, max-video-preview:-1\" \/>\n<link rel=\"canonical\" href=\"https:\/\/samorka.is\/en\/district-heating\/\" \/>\n<meta property=\"og:locale\" content=\"en_US\" \/>\n<meta property=\"og:type\" content=\"article\" \/>\n<meta property=\"og:title\" content=\"District Heating - Samorka\" \/>\n<meta property=\"og:description\" content=\"[vc_row][vc_column width=&#8221;1\/2&#8243;][vc_column_text]90% of the housing in Iceland is heated with direct geothermal. 9% is heated with electricity and just under 1% with oil \u2013 mostly in the most rural areas and small island communities. 29 district heating utilities are members of Samorka. Each district heating utilitiy services an area ranging from one municipality to several [&hellip;]\" \/>\n<meta property=\"og:url\" content=\"https:\/\/samorka.is\/en\/district-heating\/\" \/>\n<meta property=\"og:site_name\" content=\"Samorka\" \/>\n<meta property=\"article:modified_time\" content=\"2016-08-16T10:52:16+00:00\" \/>\n<meta name=\"twitter:card\" content=\"summary_large_image\" \/>\n<meta name=\"twitter:label1\" content=\"Est. reading time\" \/>\n\t<meta name=\"twitter:data1\" content=\"1 minute\" \/>\n<script type=\"application\/ld+json\" class=\"yoast-schema-graph\">{\"@context\":\"https:\\\/\\\/schema.org\",\"@graph\":[{\"@type\":\"WebPage\",\"@id\":\"https:\\\/\\\/samorka.is\\\/en\\\/district-heating\\\/\",\"url\":\"https:\\\/\\\/samorka.is\\\/en\\\/district-heating\\\/\",\"name\":\"District Heating - Samorka\",\"isPartOf\":{\"@id\":\"https:\\\/\\\/samorka.is\\\/#website\"},\"datePublished\":\"2016-08-11T15:28:13+00:00\",\"dateModified\":\"2016-08-16T10:52:16+00:00\",\"breadcrumb\":{\"@id\":\"https:\\\/\\\/samorka.is\\\/en\\\/district-heating\\\/#breadcrumb\"},\"inLanguage\":\"en-US\",\"potentialAction\":[{\"@type\":\"ReadAction\",\"target\":[\"https:\\\/\\\/samorka.is\\\/en\\\/district-heating\\\/\"]}]},{\"@type\":\"BreadcrumbList\",\"@id\":\"https:\\\/\\\/samorka.is\\\/en\\\/district-heating\\\/#breadcrumb\",\"itemListElement\":[{\"@type\":\"ListItem\",\"position\":1,\"name\":\"Home\",\"item\":\"https:\\\/\\\/samorka.is\\\/en\\\/frontpage\\\/\"},{\"@type\":\"ListItem\",\"position\":2,\"name\":\"District Heating\"}]},{\"@type\":\"WebSite\",\"@id\":\"https:\\\/\\\/samorka.is\\\/#website\",\"url\":\"https:\\\/\\\/samorka.is\\\/\",\"name\":\"Samorka\",\"description\":\"Samt\u00f6k orku- og veitufyrirt\u00e6kja \u00e1 \u00cdslandi.\",\"publisher\":{\"@id\":\"https:\\\/\\\/samorka.is\\\/#organization\"},\"potentialAction\":[{\"@type\":\"SearchAction\",\"target\":{\"@type\":\"EntryPoint\",\"urlTemplate\":\"https:\\\/\\\/samorka.is\\\/?s={search_term_string}\"},\"query-input\":{\"@type\":\"PropertyValueSpecification\",\"valueRequired\":true,\"valueName\":\"search_term_string\"}}],\"inLanguage\":\"en-US\"},{\"@type\":\"Organization\",\"@id\":\"https:\\\/\\\/samorka.is\\\/#organization\",\"name\":\"Samorka\",\"url\":\"https:\\\/\\\/samorka.is\\\/\",\"logo\":{\"@type\":\"ImageObject\",\"inLanguage\":\"en-US\",\"@id\":\"https:\\\/\\\/samorka.is\\\/#\\\/schema\\\/logo\\\/image\\\/\",\"url\":\"https:\\\/\\\/www.samorka.is\\\/wp-content\\\/uploads\\\/2016\\\/10\\\/Samorka-an-slogans.png\",\"contentUrl\":\"https:\\\/\\\/www.samorka.is\\\/wp-content\\\/uploads\\\/2016\\\/10\\\/Samorka-an-slogans.png\",\"width\":842,\"height\":596,\"caption\":\"Samorka\"},\"image\":{\"@id\":\"https:\\\/\\\/samorka.is\\\/#\\\/schema\\\/logo\\\/image\\\/\"}}]}<\/script>\n<!-- \/ Yoast SEO plugin. -->","yoast_head_json":{"title":"District Heating - Samorka","robots":{"index":"index","follow":"follow","max-snippet":"max-snippet:-1","max-image-preview":"max-image-preview:large","max-video-preview":"max-video-preview:-1"},"canonical":"https:\/\/samorka.is\/en\/district-heating\/","og_locale":"en_US","og_type":"article","og_title":"District Heating - Samorka","og_description":"[vc_row][vc_column width=&#8221;1\/2&#8243;][vc_column_text]90% of the housing in Iceland is heated with direct geothermal. 9% is heated with electricity and just under 1% with oil \u2013 mostly in the most rural areas and small island communities. 29 district heating utilities are members of Samorka. Each district heating utilitiy services an area ranging from one municipality to several [&hellip;]","og_url":"https:\/\/samorka.is\/en\/district-heating\/","og_site_name":"Samorka","article_modified_time":"2016-08-16T10:52:16+00:00","twitter_card":"summary_large_image","twitter_misc":{"Est. reading time":"1 minute"},"schema":{"@context":"https:\/\/schema.org","@graph":[{"@type":"WebPage","@id":"https:\/\/samorka.is\/en\/district-heating\/","url":"https:\/\/samorka.is\/en\/district-heating\/","name":"District Heating - Samorka","isPartOf":{"@id":"https:\/\/samorka.is\/#website"},"datePublished":"2016-08-11T15:28:13+00:00","dateModified":"2016-08-16T10:52:16+00:00","breadcrumb":{"@id":"https:\/\/samorka.is\/en\/district-heating\/#breadcrumb"},"inLanguage":"en-US","potentialAction":[{"@type":"ReadAction","target":["https:\/\/samorka.is\/en\/district-heating\/"]}]},{"@type":"BreadcrumbList","@id":"https:\/\/samorka.is\/en\/district-heating\/#breadcrumb","itemListElement":[{"@type":"ListItem","position":1,"name":"Home","item":"https:\/\/samorka.is\/en\/frontpage\/"},{"@type":"ListItem","position":2,"name":"District Heating"}]},{"@type":"WebSite","@id":"https:\/\/samorka.is\/#website","url":"https:\/\/samorka.is\/","name":"Samorka","description":"Samt\u00f6k orku- og veitufyrirt\u00e6kja \u00e1 \u00cdslandi.","publisher":{"@id":"https:\/\/samorka.is\/#organization"},"potentialAction":[{"@type":"SearchAction","target":{"@type":"EntryPoint","urlTemplate":"https:\/\/samorka.is\/?s={search_term_string}"},"query-input":{"@type":"PropertyValueSpecification","valueRequired":true,"valueName":"search_term_string"}}],"inLanguage":"en-US"},{"@type":"Organization","@id":"https:\/\/samorka.is\/#organization","name":"Samorka","url":"https:\/\/samorka.is\/","logo":{"@type":"ImageObject","inLanguage":"en-US","@id":"https:\/\/samorka.is\/#\/schema\/logo\/image\/","url":"https:\/\/www.samorka.is\/wp-content\/uploads\/2016\/10\/Samorka-an-slogans.png","contentUrl":"https:\/\/www.samorka.is\/wp-content\/uploads\/2016\/10\/Samorka-an-slogans.png","width":842,"height":596,"caption":"Samorka"},"image":{"@id":"https:\/\/samorka.is\/#\/schema\/logo\/image\/"}}]}},"_links":{"self":[{"href":"https:\/\/samorka.is\/en\/wp-json\/wp\/v2\/pages\/1324","targetHints":{"allow":["GET"]}}],"collection":[{"href":"https:\/\/samorka.is\/en\/wp-json\/wp\/v2\/pages"}],"about":[{"href":"https:\/\/samorka.is\/en\/wp-json\/wp\/v2\/types\/page"}],"author":[{"embeddable":true,"href":"https:\/\/samorka.is\/en\/wp-json\/wp\/v2\/users\/2"}],"replies":[{"embeddable":true,"href":"https:\/\/samorka.is\/en\/wp-json\/wp\/v2\/comments?post=1324"}],"version-history":[{"count":6,"href":"https:\/\/samorka.is\/en\/wp-json\/wp\/v2\/pages\/1324\/revisions"}],"predecessor-version":[{"id":2187,"href":"https:\/\/samorka.is\/en\/wp-json\/wp\/v2\/pages\/1324\/revisions\/2187"}],"wp:attachment":[{"href":"https:\/\/samorka.is\/en\/wp-json\/wp\/v2\/media?parent=1324"}],"wp:term":[{"taxonomy":"category","embeddable":true,"href":"https:\/\/samorka.is\/en\/wp-json\/wp\/v2\/categories?post=1324"},{"taxonomy":"post_tag","embeddable":true,"href":"https:\/\/samorka.is\/en\/wp-json\/wp\/v2\/tags?post=1324"}],"curies":[{"name":"wp","href":"https:\/\/api.w.org\/{rel}","templated":true}]}}