{"id":1255,"date":"2016-08-11T11:30:02","date_gmt":"2016-08-11T11:30:02","guid":{"rendered":"http:\/\/samorka.is\/en\/?page_id=1255"},"modified":"2016-11-11T12:15:37","modified_gmt":"2016-11-11T12:15:37","slug":"electricity","status":"publish","type":"page","link":"https:\/\/samorka.is\/en\/electricity\/","title":{"rendered":"Electricity"},"content":{"rendered":"<div class=\"wpb-content-wrapper\"><p>[vc_row][vc_column width=&#8221;1\/2&#8243;][vc_column_text]Nearly all power generated in Iceland comes from renewable energy sources. 82% from hydro, 18% from geothermal. Wind energy is gradually being developed too though and oil is still used mainly for reserve power, but neither is signifant in terms of percentage of generation. Total installed capacity in 2015 was 2.771 MW. Total generation was 18.798 GWh.[\/vc_column_text][\/vc_column][vc_column width=&#8221;1\/2&#8243;][vc_column_text]Most power companies are in public ownership with HS Orka (7% of the power generation) the main exception. Landsvirkjun National Power Company, in state ownership, generates 71% of the power. The transmission System operator (Landsnet) and the six distribution system operators are all in public ownership, with HS Veitur the only one partly owned (minority) by private parties.[\/vc_column_text][\/vc_column][\/vc_row][vc_row][vc_column][vc_column_text]<img loading=\"lazy\" decoding=\"async\" class=\"size-full wp-image-2566 aligncenter\" src=\"http:\/\/www.samorka.is\/wp-content\/uploads\/2016\/08\/Iceland-electricity-sector.jpg\" alt=\"iceland-electricity-sector\" width=\"960\" height=\"541\" srcset=\"https:\/\/samorka.is\/wp-content\/uploads\/2016\/08\/Iceland-electricity-sector.jpg 960w, https:\/\/samorka.is\/wp-content\/uploads\/2016\/08\/Iceland-electricity-sector-300x169.jpg 300w, https:\/\/samorka.is\/wp-content\/uploads\/2016\/08\/Iceland-electricity-sector-768x433.jpg 768w\" sizes=\"auto, (max-width: 960px) 100vw, 960px\" \/>[\/vc_column_text][\/vc_column][\/vc_row]<\/p>\n<\/div>","protected":false},"excerpt":{"rendered":"<p>[vc_row][vc_column width=&#8221;1\/2&#8243;][vc_column_text]Nearly all power generated in Iceland comes from renewable energy sources. 82% from hydro, 18% from geothermal. Wind energy is gradually being developed too though and oil is still used mainly for reserve power, but neither is signifant in terms of percentage of generation. Total installed capacity in 2015 was 2.771 MW. Total generation [&hellip;]<\/p>\n","protected":false},"author":1,"featured_media":0,"parent":0,"menu_order":0,"comment_status":"closed","ping_status":"closed","template":"template-with-video.php","meta":{"_monsterinsights_skip_tracking":false,"_monsterinsights_sitenote_active":false,"_monsterinsights_sitenote_note":"","_monsterinsights_sitenote_category":0,"footnotes":""},"categories":[],"tags":[],"class_list":["post-1255","page","type-page","status-publish","hentry"],"yoast_head":"<!-- This site is optimized with the Yoast SEO plugin v27.4 - https:\/\/yoast.com\/product\/yoast-seo-wordpress\/ -->\n<title>Electricity - Samorka<\/title>\n<meta name=\"robots\" content=\"index, follow, max-snippet:-1, max-image-preview:large, max-video-preview:-1\" \/>\n<link rel=\"canonical\" href=\"https:\/\/samorka.is\/en\/electricity\/\" \/>\n<meta property=\"og:locale\" content=\"en_US\" \/>\n<meta property=\"og:type\" content=\"article\" \/>\n<meta property=\"og:title\" content=\"Electricity - Samorka\" \/>\n<meta property=\"og:description\" content=\"[vc_row][vc_column width=&#8221;1\/2&#8243;][vc_column_text]Nearly all power generated in Iceland comes from renewable energy sources. 82% from hydro, 18% from geothermal. Wind energy is gradually being developed too though and oil is still used mainly for reserve power, but neither is signifant in terms of percentage of generation. Total installed capacity in 2015 was 2.771 MW. Total generation [&hellip;]\" \/>\n<meta property=\"og:url\" content=\"https:\/\/samorka.is\/en\/electricity\/\" \/>\n<meta property=\"og:site_name\" content=\"Samorka\" \/>\n<meta property=\"article:modified_time\" content=\"2016-11-11T12:15:37+00:00\" \/>\n<meta property=\"og:image\" content=\"http:\/\/www.samorka.is\/wp-content\/uploads\/2016\/08\/Iceland-electricity-sector.jpg\" \/>\n<meta name=\"twitter:card\" content=\"summary_large_image\" \/>\n<meta name=\"twitter:label1\" content=\"Est. reading time\" \/>\n\t<meta name=\"twitter:data1\" content=\"1 minute\" \/>\n<script type=\"application\/ld+json\" class=\"yoast-schema-graph\">{\"@context\":\"https:\\\/\\\/schema.org\",\"@graph\":[{\"@type\":\"WebPage\",\"@id\":\"https:\\\/\\\/samorka.is\\\/en\\\/electricity\\\/\",\"url\":\"https:\\\/\\\/samorka.is\\\/en\\\/electricity\\\/\",\"name\":\"Electricity - Samorka\",\"isPartOf\":{\"@id\":\"https:\\\/\\\/samorka.is\\\/#website\"},\"primaryImageOfPage\":{\"@id\":\"https:\\\/\\\/samorka.is\\\/en\\\/electricity\\\/#primaryimage\"},\"image\":{\"@id\":\"https:\\\/\\\/samorka.is\\\/en\\\/electricity\\\/#primaryimage\"},\"thumbnailUrl\":\"http:\\\/\\\/www.samorka.is\\\/wp-content\\\/uploads\\\/2016\\\/08\\\/Iceland-electricity-sector.jpg\",\"datePublished\":\"2016-08-11T11:30:02+00:00\",\"dateModified\":\"2016-11-11T12:15:37+00:00\",\"breadcrumb\":{\"@id\":\"https:\\\/\\\/samorka.is\\\/en\\\/electricity\\\/#breadcrumb\"},\"inLanguage\":\"en-US\",\"potentialAction\":[{\"@type\":\"ReadAction\",\"target\":[\"https:\\\/\\\/samorka.is\\\/en\\\/electricity\\\/\"]}]},{\"@type\":\"ImageObject\",\"inLanguage\":\"en-US\",\"@id\":\"https:\\\/\\\/samorka.is\\\/en\\\/electricity\\\/#primaryimage\",\"url\":\"http:\\\/\\\/www.samorka.is\\\/wp-content\\\/uploads\\\/2016\\\/08\\\/Iceland-electricity-sector.jpg\",\"contentUrl\":\"http:\\\/\\\/www.samorka.is\\\/wp-content\\\/uploads\\\/2016\\\/08\\\/Iceland-electricity-sector.jpg\"},{\"@type\":\"BreadcrumbList\",\"@id\":\"https:\\\/\\\/samorka.is\\\/en\\\/electricity\\\/#breadcrumb\",\"itemListElement\":[{\"@type\":\"ListItem\",\"position\":1,\"name\":\"Home\",\"item\":\"https:\\\/\\\/samorka.is\\\/en\\\/frontpage\\\/\"},{\"@type\":\"ListItem\",\"position\":2,\"name\":\"Electricity\"}]},{\"@type\":\"WebSite\",\"@id\":\"https:\\\/\\\/samorka.is\\\/#website\",\"url\":\"https:\\\/\\\/samorka.is\\\/\",\"name\":\"Samorka\",\"description\":\"Samt\u00f6k orku- og veitufyrirt\u00e6kja \u00e1 \u00cdslandi.\",\"publisher\":{\"@id\":\"https:\\\/\\\/samorka.is\\\/#organization\"},\"potentialAction\":[{\"@type\":\"SearchAction\",\"target\":{\"@type\":\"EntryPoint\",\"urlTemplate\":\"https:\\\/\\\/samorka.is\\\/?s={search_term_string}\"},\"query-input\":{\"@type\":\"PropertyValueSpecification\",\"valueRequired\":true,\"valueName\":\"search_term_string\"}}],\"inLanguage\":\"en-US\"},{\"@type\":\"Organization\",\"@id\":\"https:\\\/\\\/samorka.is\\\/#organization\",\"name\":\"Samorka\",\"url\":\"https:\\\/\\\/samorka.is\\\/\",\"logo\":{\"@type\":\"ImageObject\",\"inLanguage\":\"en-US\",\"@id\":\"https:\\\/\\\/samorka.is\\\/#\\\/schema\\\/logo\\\/image\\\/\",\"url\":\"https:\\\/\\\/www.samorka.is\\\/wp-content\\\/uploads\\\/2016\\\/10\\\/Samorka-an-slogans.png\",\"contentUrl\":\"https:\\\/\\\/www.samorka.is\\\/wp-content\\\/uploads\\\/2016\\\/10\\\/Samorka-an-slogans.png\",\"width\":842,\"height\":596,\"caption\":\"Samorka\"},\"image\":{\"@id\":\"https:\\\/\\\/samorka.is\\\/#\\\/schema\\\/logo\\\/image\\\/\"}}]}<\/script>\n<!-- \/ Yoast SEO plugin. -->","yoast_head_json":{"title":"Electricity - Samorka","robots":{"index":"index","follow":"follow","max-snippet":"max-snippet:-1","max-image-preview":"max-image-preview:large","max-video-preview":"max-video-preview:-1"},"canonical":"https:\/\/samorka.is\/en\/electricity\/","og_locale":"en_US","og_type":"article","og_title":"Electricity - Samorka","og_description":"[vc_row][vc_column width=&#8221;1\/2&#8243;][vc_column_text]Nearly all power generated in Iceland comes from renewable energy sources. 82% from hydro, 18% from geothermal. Wind energy is gradually being developed too though and oil is still used mainly for reserve power, but neither is signifant in terms of percentage of generation. Total installed capacity in 2015 was 2.771 MW. Total generation [&hellip;]","og_url":"https:\/\/samorka.is\/en\/electricity\/","og_site_name":"Samorka","article_modified_time":"2016-11-11T12:15:37+00:00","og_image":[{"url":"http:\/\/www.samorka.is\/wp-content\/uploads\/2016\/08\/Iceland-electricity-sector.jpg","type":"","width":"","height":""}],"twitter_card":"summary_large_image","twitter_misc":{"Est. reading time":"1 minute"},"schema":{"@context":"https:\/\/schema.org","@graph":[{"@type":"WebPage","@id":"https:\/\/samorka.is\/en\/electricity\/","url":"https:\/\/samorka.is\/en\/electricity\/","name":"Electricity - Samorka","isPartOf":{"@id":"https:\/\/samorka.is\/#website"},"primaryImageOfPage":{"@id":"https:\/\/samorka.is\/en\/electricity\/#primaryimage"},"image":{"@id":"https:\/\/samorka.is\/en\/electricity\/#primaryimage"},"thumbnailUrl":"http:\/\/www.samorka.is\/wp-content\/uploads\/2016\/08\/Iceland-electricity-sector.jpg","datePublished":"2016-08-11T11:30:02+00:00","dateModified":"2016-11-11T12:15:37+00:00","breadcrumb":{"@id":"https:\/\/samorka.is\/en\/electricity\/#breadcrumb"},"inLanguage":"en-US","potentialAction":[{"@type":"ReadAction","target":["https:\/\/samorka.is\/en\/electricity\/"]}]},{"@type":"ImageObject","inLanguage":"en-US","@id":"https:\/\/samorka.is\/en\/electricity\/#primaryimage","url":"http:\/\/www.samorka.is\/wp-content\/uploads\/2016\/08\/Iceland-electricity-sector.jpg","contentUrl":"http:\/\/www.samorka.is\/wp-content\/uploads\/2016\/08\/Iceland-electricity-sector.jpg"},{"@type":"BreadcrumbList","@id":"https:\/\/samorka.is\/en\/electricity\/#breadcrumb","itemListElement":[{"@type":"ListItem","position":1,"name":"Home","item":"https:\/\/samorka.is\/en\/frontpage\/"},{"@type":"ListItem","position":2,"name":"Electricity"}]},{"@type":"WebSite","@id":"https:\/\/samorka.is\/#website","url":"https:\/\/samorka.is\/","name":"Samorka","description":"Samt\u00f6k orku- og veitufyrirt\u00e6kja \u00e1 \u00cdslandi.","publisher":{"@id":"https:\/\/samorka.is\/#organization"},"potentialAction":[{"@type":"SearchAction","target":{"@type":"EntryPoint","urlTemplate":"https:\/\/samorka.is\/?s={search_term_string}"},"query-input":{"@type":"PropertyValueSpecification","valueRequired":true,"valueName":"search_term_string"}}],"inLanguage":"en-US"},{"@type":"Organization","@id":"https:\/\/samorka.is\/#organization","name":"Samorka","url":"https:\/\/samorka.is\/","logo":{"@type":"ImageObject","inLanguage":"en-US","@id":"https:\/\/samorka.is\/#\/schema\/logo\/image\/","url":"https:\/\/www.samorka.is\/wp-content\/uploads\/2016\/10\/Samorka-an-slogans.png","contentUrl":"https:\/\/www.samorka.is\/wp-content\/uploads\/2016\/10\/Samorka-an-slogans.png","width":842,"height":596,"caption":"Samorka"},"image":{"@id":"https:\/\/samorka.is\/#\/schema\/logo\/image\/"}}]}},"_links":{"self":[{"href":"https:\/\/samorka.is\/en\/wp-json\/wp\/v2\/pages\/1255","targetHints":{"allow":["GET"]}}],"collection":[{"href":"https:\/\/samorka.is\/en\/wp-json\/wp\/v2\/pages"}],"about":[{"href":"https:\/\/samorka.is\/en\/wp-json\/wp\/v2\/types\/page"}],"author":[{"embeddable":true,"href":"https:\/\/samorka.is\/en\/wp-json\/wp\/v2\/users\/1"}],"replies":[{"embeddable":true,"href":"https:\/\/samorka.is\/en\/wp-json\/wp\/v2\/comments?post=1255"}],"version-history":[{"count":9,"href":"https:\/\/samorka.is\/en\/wp-json\/wp\/v2\/pages\/1255\/revisions"}],"predecessor-version":[{"id":2567,"href":"https:\/\/samorka.is\/en\/wp-json\/wp\/v2\/pages\/1255\/revisions\/2567"}],"wp:attachment":[{"href":"https:\/\/samorka.is\/en\/wp-json\/wp\/v2\/media?parent=1255"}],"wp:term":[{"taxonomy":"category","embeddable":true,"href":"https:\/\/samorka.is\/en\/wp-json\/wp\/v2\/categories?post=1255"},{"taxonomy":"post_tag","embeddable":true,"href":"https:\/\/samorka.is\/en\/wp-json\/wp\/v2\/tags?post=1255"}],"curies":[{"name":"wp","href":"https:\/\/api.w.org\/{rel}","templated":true}]}}