{"id":1223,"date":"2016-08-11T09:52:46","date_gmt":"2016-08-11T09:52:46","guid":{"rendered":"http:\/\/samorka.is\/en\/?page_id=1223"},"modified":"2016-08-15T16:52:50","modified_gmt":"2016-08-15T16:52:50","slug":"frontpage","status":"publish","type":"page","link":"https:\/\/samorka.is\/en\/","title":{"rendered":"Frontpage"},"content":{"rendered":"<div class=\"wpb-content-wrapper\"><p>[vc_row][vc_column]\n\t\t\t<!-- START Fors\u00ed\u00f0a  english REVOLUTION SLIDER 6.2.23 --><p class=\"rs-p-wp-fix\"><\/p>\n\t\t\t<rs-module-wrap id=\"rev_slider_6_1_wrapper\" data-source=\"gallery\" style=\"background:transparent;padding:0;margin:0px auto;margin-top:0;margin-bottom:0;\">\n\t\t\t\t<rs-module id=\"rev_slider_6_1\" style=\"\" data-version=\"6.2.23\">\n\t\t\t\t\t<rs-slides>\n\t\t\t\t\t\t<rs-slide data-key=\"rs-11\" data-title=\"Slide\" data-thumb=\"\/\/www.samorka.is\/wp-content\/uploads\/2016\/06\/Samorka_MG_0102.jpg\" data-anim=\"ei:d;eo:d;s:600;r:0;t:fade;sl:d;\">\n\t\t\t\t\t\t\t<img decoding=\"async\" src=\"\/\/www.samorka.is\/wp-content\/uploads\/2016\/06\/Samorka_MG_0102.jpg\" title=\"Frontpage\" class=\"rev-slidebg\" data-no-retina>\n<!--\n\t\t\t\t\t\t\t--><rs-layer\n\t\t\t\t\t\t\t\tid=\"slider-6-slide-11-layer-1\" \n\t\t\t\t\t\t\t\tclass=\"Fashion-SmallText\"\n\t\t\t\t\t\t\t\tdata-type=\"text\"\n\t\t\t\t\t\t\t\tdata-color=\"rgba(255,255,255,1)\"\n\t\t\t\t\t\t\t\tdata-rsp_ch=\"on\"\n\t\t\t\t\t\t\t\tdata-xy=\"xo:813px,813px,403px,66px;yo:269px,269px,442px,564px;\"\n\t\t\t\t\t\t\t\tdata-text=\"w:normal;l:28;fw:600;\"\n\t\t\t\t\t\t\t\tdata-dim=\"w:357px;h:142px;\"\n\t\t\t\t\t\t\t\tdata-frame_0=\"o:1;tp:600;\"\n\t\t\t\t\t\t\t\tdata-frame_1=\"tp:600;e:none;st:500;sp:1000;\"\n\t\t\t\t\t\t\t\tdata-frame_999=\"tp:600;e:nothing;st:w;\"\n\t\t\t\t\t\t\t\tstyle=\"z-index:5;font-family:brandon-grotesque;text-transform:uppercase;letter-spacing:2px;\"\n\t\t\t\t\t\t\t>Cold water is cheap in Iceland. In the other Nordic countries, you can expect to pay up to three times more. \n\t\t\t\t\t\t\t<\/rs-layer><!--\n-->\t\t\t\t\t\t<\/rs-slide>\n\t\t\t\t\t\t<rs-slide data-key=\"rs-12\" data-title=\"Slide\" data-thumb=\"\/\/www.samorka.is\/wp-content\/uploads\/2016\/06\/Samorka_MG_0037.jpg\" data-anim=\"ei:d;eo:d;s:600;r:0;t:fade;sl:d;\">\n\t\t\t\t\t\t\t<img decoding=\"async\" src=\"\/\/www.samorka.is\/wp-content\/uploads\/2016\/06\/Samorka_MG_0037.jpg\" title=\"Frontpage\" class=\"rev-slidebg\" data-no-retina>\n<!--\n\t\t\t\t\t\t\t--><rs-layer\n\t\t\t\t\t\t\t\tid=\"slider-6-slide-12-layer-1\" \n\t\t\t\t\t\t\t\tdata-type=\"text\"\n\t\t\t\t\t\t\t\tdata-color=\"rgba(255,255,255,1)\"\n\t\t\t\t\t\t\t\tdata-rsp_ch=\"on\"\n\t\t\t\t\t\t\t\tdata-xy=\"xo:765px,765px,367px,129px;yo:40px,40px,74px,51px;\"\n\t\t\t\t\t\t\t\tdata-text=\"w:normal;l:30;fw:500;\"\n\t\t\t\t\t\t\t\tdata-dim=\"w:391px,391px,337px,337px;h:151px,151px,150px,150px;\"\n\t\t\t\t\t\t\t\tdata-frame_0=\"tp:600;\"\n\t\t\t\t\t\t\t\tdata-frame_1=\"tp:600;e:power2.inOut;st:500;\"\n\t\t\t\t\t\t\t\tdata-frame_999=\"o:0;tp:600;e:nothing;st:w;\"\n\t\t\t\t\t\t\t\tstyle=\"z-index:5;font-family:brandon-grotesque;text-transform:uppercase;\"\n\t\t\t\t\t\t\t>Long showers. A hot bath on a cold winter's night. Our local pools.\n\nAffordable luxury in Iceland. \n\t\t\t\t\t\t\t<\/rs-layer><!--\n-->\t\t\t\t\t\t<\/rs-slide>\n\t\t\t\t\t\t<rs-slide data-key=\"rs-13\" data-title=\"Slide\" data-thumb=\"\/\/www.samorka.is\/wp-content\/uploads\/2016\/06\/Samorka_MG_0290.jpg\" data-anim=\"ei:d;eo:d;s:600;r:0;t:fade;sl:d;\">\n\t\t\t\t\t\t\t<img decoding=\"async\" src=\"\/\/www.samorka.is\/wp-content\/uploads\/2016\/06\/Samorka_MG_0290.jpg\" title=\"Frontpage\" class=\"rev-slidebg\" data-no-retina>\n<!--\n\t\t\t\t\t\t\t--><rs-layer\n\t\t\t\t\t\t\t\tid=\"slider-6-slide-13-layer-1\" \n\t\t\t\t\t\t\t\tclass=\"Brandon-uppercase\"\n\t\t\t\t\t\t\t\tdata-type=\"text\"\n\t\t\t\t\t\t\t\tdata-color=\"rgba(255,255,255,1)\"\n\t\t\t\t\t\t\t\tdata-rsp_ch=\"on\"\n\t\t\t\t\t\t\t\tdata-xy=\"xo:51px,51px,54px,54px;yo:451px,451px,788px,592px;\"\n\t\t\t\t\t\t\t\tdata-text=\"w:normal;l:30;fw:700;\"\n\t\t\t\t\t\t\t\tdata-dim=\"w:398px;\"\n\t\t\t\t\t\t\t\tdata-frame_0=\"tp:600;\"\n\t\t\t\t\t\t\t\tdata-frame_1=\"tp:600;e:power2.inOut;st:500;\"\n\t\t\t\t\t\t\t\tdata-frame_999=\"o:0;tp:600;e:nothing;st:w;\"\n\t\t\t\t\t\t\t\tstyle=\"z-index:5;font-family:brandon-grotesque;text-transform:uppercase;\"\n\t\t\t\t\t\t\t>90% of Icelandic homes are heated with geothermal water.  \n\t\t\t\t\t\t\t<\/rs-layer><!--\n-->\t\t\t\t\t\t<\/rs-slide>\n\t\t\t\t\t\t<rs-slide data-key=\"rs-14\" data-title=\"Slide\" data-thumb=\"\/\/www.samorka.is\/wp-content\/uploads\/2016\/06\/Samorka_MG_9999.jpg\" data-anim=\"ei:d;eo:d;s:600;r:0;t:fade;sl:d;\">\n\t\t\t\t\t\t\t<img decoding=\"async\" src=\"\/\/www.samorka.is\/wp-content\/uploads\/2016\/06\/Samorka_MG_9999.jpg\" title=\"Frontpage\" class=\"rev-slidebg\" data-no-retina>\n<!--\n\t\t\t\t\t\t\t--><rs-layer\n\t\t\t\t\t\t\t\tid=\"slider-6-slide-14-layer-1\" \n\t\t\t\t\t\t\t\tclass=\"Brandon-uppercase\"\n\t\t\t\t\t\t\t\tdata-type=\"text\"\n\t\t\t\t\t\t\t\tdata-color=\"rgba(61,61,61,1)\"\n\t\t\t\t\t\t\t\tdata-rsp_ch=\"on\"\n\t\t\t\t\t\t\t\tdata-xy=\"xo:119px,119px,66px,43px;yo:367px,367px,485px,486px;\"\n\t\t\t\t\t\t\t\tdata-text=\"w:normal;s:22;l:30;fw:700;\"\n\t\t\t\t\t\t\t\tdata-dim=\"w:416px;\"\n\t\t\t\t\t\t\t\tdata-frame_0=\"tp:600;\"\n\t\t\t\t\t\t\t\tdata-frame_1=\"tp:600;e:power2.inOut;st:500;\"\n\t\t\t\t\t\t\t\tdata-frame_999=\"o:0;tp:600;e:nothing;st:w;\"\n\t\t\t\t\t\t\t\tstyle=\"z-index:5;font-family:brandon-grotesque;text-transform:uppercase;\"\n\t\t\t\t\t\t\t>The cost of electricity in Iceland is one of the lowest in europe - so charge all you want! \n\t\t\t\t\t\t\t<\/rs-layer><!--\n-->\t\t\t\t\t\t<\/rs-slide>\n\t\t\t\t\t\t<rs-slide data-key=\"rs-15\" data-title=\"Slide\" data-thumb=\"\/\/www.samorka.is\/wp-content\/uploads\/2016\/06\/krani_minni.jpg\" data-anim=\"ei:d;eo:d;s:600;r:0;t:fade;sl:d;\">\n\t\t\t\t\t\t\t<img decoding=\"async\" src=\"\/\/www.samorka.is\/wp-content\/uploads\/2016\/06\/krani_minni.jpg\" title=\"Frontpage\" class=\"rev-slidebg\" data-no-retina>\n<!--\n\t\t\t\t\t\t\t--><rs-layer\n\t\t\t\t\t\t\t\tid=\"slider-6-slide-15-layer-1\" \n\t\t\t\t\t\t\t\tclass=\"Brandon-uppercase\"\n\t\t\t\t\t\t\t\tdata-type=\"text\"\n\t\t\t\t\t\t\t\tdata-color=\"rgba(58,58,58,1)\"\n\t\t\t\t\t\t\t\tdata-rsp_ch=\"on\"\n\t\t\t\t\t\t\t\tdata-xy=\"xo:78px,78px,67px,34px;yo:365px,365px,496px,577px;\"\n\t\t\t\t\t\t\t\tdata-text=\"w:normal;l:30;fw:700;\"\n\t\t\t\t\t\t\t\tdata-dim=\"w:426px;h:84px;\"\n\t\t\t\t\t\t\t\tdata-frame_0=\"tp:600;\"\n\t\t\t\t\t\t\t\tdata-frame_1=\"tp:600;e:power2.inOut;st:500;\"\n\t\t\t\t\t\t\t\tdata-frame_999=\"o:0;tp:600;e:nothing;st:w;\"\n\t\t\t\t\t\t\t\tstyle=\"z-index:5;font-family:brandon-grotesque;text-transform:uppercase;\"\n\t\t\t\t\t\t\t>Icelandic tap water is mostly untreated water \u2013 nothing added, nothing removed.  \n\t\t\t\t\t\t\t<\/rs-layer><!--\n-->\t\t\t\t\t\t<\/rs-slide>\n\t\t\t\t\t\t<rs-slide data-key=\"rs-16\" data-title=\"Slide\" data-thumb=\"\/\/www.samorka.is\/wp-content\/uploads\/2016\/06\/Samorka_MG_7989.jpg\" data-anim=\"ei:d;eo:d;s:600;r:0;t:fade;sl:d;\">\n\t\t\t\t\t\t\t<img decoding=\"async\" src=\"\/\/www.samorka.is\/wp-content\/uploads\/2016\/06\/Samorka_MG_7989.jpg\" title=\"Frontpage\" class=\"rev-slidebg\" data-no-retina>\n<!--\n\t\t\t\t\t\t\t--><rs-layer\n\t\t\t\t\t\t\t\tid=\"slider-6-slide-16-layer-1\" \n\t\t\t\t\t\t\t\tclass=\"Brandon-uppercase\"\n\t\t\t\t\t\t\t\tdata-type=\"text\"\n\t\t\t\t\t\t\t\tdata-color=\"rgba(255,255,255,1)\"\n\t\t\t\t\t\t\t\tdata-rsp_ch=\"on\"\n\t\t\t\t\t\t\t\tdata-xy=\"xo:724px,724px,358px,98px;yo:76px,76px,81px,43px;\"\n\t\t\t\t\t\t\t\tdata-text=\"w:normal;l:30;fw:700;\"\n\t\t\t\t\t\t\t\tdata-dim=\"w:366px;\"\n\t\t\t\t\t\t\t\tdata-frame_0=\"tp:600;\"\n\t\t\t\t\t\t\t\tdata-frame_1=\"tp:600;e:power2.inOut;st:500;\"\n\t\t\t\t\t\t\t\tdata-frame_999=\"o:0;tp:600;e:nothing;st:w;\"\n\t\t\t\t\t\t\t\tstyle=\"z-index:5;font-family:brandon-grotesque;text-transform:uppercase;\"\n\t\t\t\t\t\t\t>99,99% of electricity production in Iceland is from renewable energy sources, such as hydro power and geothermal. \n\t\t\t\t\t\t\t<\/rs-layer><!--\n-->\t\t\t\t\t\t<\/rs-slide>\n\t\t\t\t\t<\/rs-slides>\n\t\t\t\t<\/rs-module>\n\t\t\t\t<script>\n\t\t\t\t\tvar htmlDivCss = unescape(\"%0A%0A%0A%0A%0A%0A%0A%0A%0A%0A%0A%0A\");\n\t\t\t\t\tvar htmlDiv = document.getElementById('rs-plugin-settings-inline-css');\n\t\t\t\t\tif(htmlDiv) {\n\t\t\t\t\t\thtmlDiv.innerHTML = htmlDiv.innerHTML + htmlDivCss;\n\t\t\t\t\t}else{\n\t\t\t\t\t\tvar htmlDiv = document.createElement('div');\n\t\t\t\t\t\thtmlDiv.innerHTML = '<style>' + htmlDivCss + '<\/style>';\n\t\t\t\t\t\tdocument.getElementsByTagName('head')[0].appendChild(htmlDiv.childNodes[0]);\n\t\t\t\t\t}\n\t\t\t\t<\/script>\n\t\t\t<\/rs-module-wrap>\n\t\t\t<!-- END REVOLUTION SLIDER -->\n[\/vc_column][\/vc_row]<\/p>\n<\/div>","protected":false},"excerpt":{"rendered":"<p>[vc_row][vc_column][\/vc_column][\/vc_row]<\/p>\n","protected":false},"author":1,"featured_media":0,"parent":0,"menu_order":0,"comment_status":"closed","ping_status":"closed","template":"template-frontpage.php","meta":{"_monsterinsights_skip_tracking":false,"_monsterinsights_sitenote_active":false,"_monsterinsights_sitenote_note":"","_monsterinsights_sitenote_category":0,"footnotes":""},"categories":[],"tags":[],"class_list":["post-1223","page","type-page","status-publish","hentry"],"yoast_head":"<!-- This site is optimized with the Yoast SEO plugin v27.3 - https:\/\/yoast.com\/product\/yoast-seo-wordpress\/ -->\n<title>Frontpage - Samorka<\/title>\n<meta name=\"robots\" content=\"index, follow, max-snippet:-1, max-image-preview:large, max-video-preview:-1\" \/>\n<link rel=\"canonical\" href=\"https:\/\/samorka.is\/en\/frontpage\/\" \/>\n<meta property=\"og:locale\" content=\"en_US\" \/>\n<meta property=\"og:type\" content=\"article\" \/>\n<meta property=\"og:title\" content=\"Frontpage - Samorka\" \/>\n<meta property=\"og:description\" content=\"[vc_row][vc_column][\/vc_column][\/vc_row]\" \/>\n<meta property=\"og:url\" content=\"https:\/\/samorka.is\/en\/frontpage\/\" \/>\n<meta property=\"og:site_name\" content=\"Samorka\" \/>\n<meta property=\"article:modified_time\" content=\"2016-08-15T16:52:50+00:00\" \/>\n<meta name=\"twitter:card\" content=\"summary_large_image\" \/>\n<script type=\"application\/ld+json\" class=\"yoast-schema-graph\">{\"@context\":\"https:\\\/\\\/schema.org\",\"@graph\":[{\"@type\":\"WebPage\",\"@id\":\"https:\\\/\\\/samorka.is\\\/en\\\/frontpage\\\/\",\"url\":\"https:\\\/\\\/samorka.is\\\/en\\\/frontpage\\\/\",\"name\":\"Frontpage - Samorka\",\"isPartOf\":{\"@id\":\"https:\\\/\\\/samorka.is\\\/#website\"},\"datePublished\":\"2016-08-11T09:52:46+00:00\",\"dateModified\":\"2016-08-15T16:52:50+00:00\",\"breadcrumb\":{\"@id\":\"https:\\\/\\\/samorka.is\\\/en\\\/frontpage\\\/#breadcrumb\"},\"inLanguage\":\"en-US\",\"potentialAction\":[{\"@type\":\"ReadAction\",\"target\":[\"https:\\\/\\\/samorka.is\\\/en\\\/frontpage\\\/\"]}]},{\"@type\":\"BreadcrumbList\",\"@id\":\"https:\\\/\\\/samorka.is\\\/en\\\/frontpage\\\/#breadcrumb\",\"itemListElement\":[{\"@type\":\"ListItem\",\"position\":1,\"name\":\"Home\",\"item\":\"https:\\\/\\\/samorka.is\\\/en\\\/frontpage\\\/\"},{\"@type\":\"ListItem\",\"position\":2,\"name\":\"Frontpage\"}]},{\"@type\":\"WebSite\",\"@id\":\"https:\\\/\\\/samorka.is\\\/#website\",\"url\":\"https:\\\/\\\/samorka.is\\\/\",\"name\":\"Samorka\",\"description\":\"Samt\u00f6k orku- og veitufyrirt\u00e6kja \u00e1 \u00cdslandi.\",\"publisher\":{\"@id\":\"https:\\\/\\\/samorka.is\\\/#organization\"},\"potentialAction\":[{\"@type\":\"SearchAction\",\"target\":{\"@type\":\"EntryPoint\",\"urlTemplate\":\"https:\\\/\\\/samorka.is\\\/?s={search_term_string}\"},\"query-input\":{\"@type\":\"PropertyValueSpecification\",\"valueRequired\":true,\"valueName\":\"search_term_string\"}}],\"inLanguage\":\"en-US\"},{\"@type\":\"Organization\",\"@id\":\"https:\\\/\\\/samorka.is\\\/#organization\",\"name\":\"Samorka\",\"url\":\"https:\\\/\\\/samorka.is\\\/\",\"logo\":{\"@type\":\"ImageObject\",\"inLanguage\":\"en-US\",\"@id\":\"https:\\\/\\\/samorka.is\\\/#\\\/schema\\\/logo\\\/image\\\/\",\"url\":\"https:\\\/\\\/www.samorka.is\\\/wp-content\\\/uploads\\\/2016\\\/10\\\/Samorka-an-slogans.png\",\"contentUrl\":\"https:\\\/\\\/www.samorka.is\\\/wp-content\\\/uploads\\\/2016\\\/10\\\/Samorka-an-slogans.png\",\"width\":842,\"height\":596,\"caption\":\"Samorka\"},\"image\":{\"@id\":\"https:\\\/\\\/samorka.is\\\/#\\\/schema\\\/logo\\\/image\\\/\"}}]}<\/script>\n<!-- \/ Yoast SEO plugin. -->","yoast_head_json":{"title":"Frontpage - Samorka","robots":{"index":"index","follow":"follow","max-snippet":"max-snippet:-1","max-image-preview":"max-image-preview:large","max-video-preview":"max-video-preview:-1"},"canonical":"https:\/\/samorka.is\/en\/frontpage\/","og_locale":"en_US","og_type":"article","og_title":"Frontpage - Samorka","og_description":"[vc_row][vc_column][\/vc_column][\/vc_row]","og_url":"https:\/\/samorka.is\/en\/frontpage\/","og_site_name":"Samorka","article_modified_time":"2016-08-15T16:52:50+00:00","twitter_card":"summary_large_image","schema":{"@context":"https:\/\/schema.org","@graph":[{"@type":"WebPage","@id":"https:\/\/samorka.is\/en\/frontpage\/","url":"https:\/\/samorka.is\/en\/frontpage\/","name":"Frontpage - Samorka","isPartOf":{"@id":"https:\/\/samorka.is\/#website"},"datePublished":"2016-08-11T09:52:46+00:00","dateModified":"2016-08-15T16:52:50+00:00","breadcrumb":{"@id":"https:\/\/samorka.is\/en\/frontpage\/#breadcrumb"},"inLanguage":"en-US","potentialAction":[{"@type":"ReadAction","target":["https:\/\/samorka.is\/en\/frontpage\/"]}]},{"@type":"BreadcrumbList","@id":"https:\/\/samorka.is\/en\/frontpage\/#breadcrumb","itemListElement":[{"@type":"ListItem","position":1,"name":"Home","item":"https:\/\/samorka.is\/en\/frontpage\/"},{"@type":"ListItem","position":2,"name":"Frontpage"}]},{"@type":"WebSite","@id":"https:\/\/samorka.is\/#website","url":"https:\/\/samorka.is\/","name":"Samorka","description":"Samt\u00f6k orku- og veitufyrirt\u00e6kja \u00e1 \u00cdslandi.","publisher":{"@id":"https:\/\/samorka.is\/#organization"},"potentialAction":[{"@type":"SearchAction","target":{"@type":"EntryPoint","urlTemplate":"https:\/\/samorka.is\/?s={search_term_string}"},"query-input":{"@type":"PropertyValueSpecification","valueRequired":true,"valueName":"search_term_string"}}],"inLanguage":"en-US"},{"@type":"Organization","@id":"https:\/\/samorka.is\/#organization","name":"Samorka","url":"https:\/\/samorka.is\/","logo":{"@type":"ImageObject","inLanguage":"en-US","@id":"https:\/\/samorka.is\/#\/schema\/logo\/image\/","url":"https:\/\/www.samorka.is\/wp-content\/uploads\/2016\/10\/Samorka-an-slogans.png","contentUrl":"https:\/\/www.samorka.is\/wp-content\/uploads\/2016\/10\/Samorka-an-slogans.png","width":842,"height":596,"caption":"Samorka"},"image":{"@id":"https:\/\/samorka.is\/#\/schema\/logo\/image\/"}}]}},"_links":{"self":[{"href":"https:\/\/samorka.is\/en\/wp-json\/wp\/v2\/pages\/1223","targetHints":{"allow":["GET"]}}],"collection":[{"href":"https:\/\/samorka.is\/en\/wp-json\/wp\/v2\/pages"}],"about":[{"href":"https:\/\/samorka.is\/en\/wp-json\/wp\/v2\/types\/page"}],"author":[{"embeddable":true,"href":"https:\/\/samorka.is\/en\/wp-json\/wp\/v2\/users\/1"}],"replies":[{"embeddable":true,"href":"https:\/\/samorka.is\/en\/wp-json\/wp\/v2\/comments?post=1223"}],"version-history":[{"count":17,"href":"https:\/\/samorka.is\/en\/wp-json\/wp\/v2\/pages\/1223\/revisions"}],"predecessor-version":[{"id":1932,"href":"https:\/\/samorka.is\/en\/wp-json\/wp\/v2\/pages\/1223\/revisions\/1932"}],"wp:attachment":[{"href":"https:\/\/samorka.is\/en\/wp-json\/wp\/v2\/media?parent=1223"}],"wp:term":[{"taxonomy":"category","embeddable":true,"href":"https:\/\/samorka.is\/en\/wp-json\/wp\/v2\/categories?post=1223"},{"taxonomy":"post_tag","embeddable":true,"href":"https:\/\/samorka.is\/en\/wp-json\/wp\/v2\/tags?post=1223"}],"curies":[{"name":"wp","href":"https:\/\/api.w.org\/{rel}","templated":true}]}}